{"id":101,"date":"2020-05-24T00:06:50","date_gmt":"2020-05-23T22:06:50","guid":{"rendered":"http:\/\/serwer2094013.home.pl\/autoinstalator\/wordpresswoocommerce\/?post_type=product&#038;p=101"},"modified":"2022-05-19T12:31:26","modified_gmt":"2022-05-19T10:31:26","slug":"biala-koszula-galowa-chlopieca","status":"publish","type":"product","link":"https:\/\/naszemundurki.pl\/?product=biala-koszula-galowa-chlopieca","title":{"rendered":"Bia\u0142a Koszula galowa ch\u0142opi\u0119ca"},"content":{"rendered":"<p>Bia\u0142a Koszula galowa ch\u0142opi\u0119ca<\/p>\n","protected":false},"excerpt":{"rendered":"<p>Bia\u0142a Koszula galowa ch\u0142opi\u0119ca<\/p>\n","protected":false},"featured_media":222,"template":"","meta":[],"product_brand":[],"product_cat":[32,50],"product_tag":[],"class_list":{"0":"post-101","1":"product","2":"type-product","3":"status-publish","4":"has-post-thumbnail","6":"product_cat-chlopiec","7":"product_cat-chlopiec-klasy-7-8","9":"first","10":"instock","11":"shipping-taxable","12":"purchasable","13":"product-type-variable"},"_links":{"self":[{"href":"https:\/\/naszemundurki.pl\/index.php?rest_route=\/wp\/v2\/product\/101","targetHints":{"allow":["GET"]}}],"collection":[{"href":"https:\/\/naszemundurki.pl\/index.php?rest_route=\/wp\/v2\/product"}],"about":[{"href":"https:\/\/naszemundurki.pl\/index.php?rest_route=\/wp\/v2\/types\/product"}],"wp:featuredmedia":[{"embeddable":true,"href":"https:\/\/naszemundurki.pl\/index.php?rest_route=\/wp\/v2\/media\/222"}],"wp:attachment":[{"href":"https:\/\/naszemundurki.pl\/index.php?rest_route=%2Fwp%2Fv2%2Fmedia&parent=101"}],"wp:term":[{"taxonomy":"product_brand","embeddable":true,"href":"https:\/\/naszemundurki.pl\/index.php?rest_route=%2Fwp%2Fv2%2Fproduct_brand&post=101"},{"taxonomy":"product_cat","embeddable":true,"href":"https:\/\/naszemundurki.pl\/index.php?rest_route=%2Fwp%2Fv2%2Fproduct_cat&post=101"},{"taxonomy":"product_tag","embeddable":true,"href":"https:\/\/naszemundurki.pl\/index.php?rest_route=%2Fwp%2Fv2%2Fproduct_tag&post=101"}],"curies":[{"name":"wp","href":"https:\/\/api.w.org\/{rel}","templated":true}]}}