{"id":230,"date":"2020-05-25T11:31:58","date_gmt":"2020-05-25T09:31:58","guid":{"rendered":"http:\/\/serwer2094013.home.pl\/autoinstalator\/wordpresswoocommerce\/?product=import-placeholder-for-116"},"modified":"2022-05-19T12:31:30","modified_gmt":"2022-05-19T10:31:30","slug":"koszulka-biala-z-krotkim-rekawkiem-na-wf","status":"publish","type":"product","link":"https:\/\/naszemundurki.pl\/?product=koszulka-biala-z-krotkim-rekawkiem-na-wf","title":{"rendered":"Koszulka bia\u0142a z kr\u00f3tkim r\u0119kawkiem na WF"},"content":{"rendered":"<p>Koszulka bia\u0142a z kr\u00f3tkim r\u0119kawkiem na WF<\/p>\n","protected":false},"excerpt":{"rendered":"<p>Koszulka bia\u0142a z kr\u00f3tkim r\u0119kawkiem na WF<\/p>\n","protected":false},"featured_media":220,"template":"","meta":[],"product_brand":[],"product_cat":[32,31,49],"product_tag":[],"class_list":{"0":"post-230","1":"product","2":"type-product","3":"status-publish","4":"has-post-thumbnail","6":"product_cat-chlopiec","7":"product_cat-dziewczynka","8":"product_cat-wf","10":"first","11":"instock","12":"shipping-taxable","13":"purchasable","14":"product-type-variable"},"_links":{"self":[{"href":"https:\/\/naszemundurki.pl\/index.php?rest_route=\/wp\/v2\/product\/230","targetHints":{"allow":["GET"]}}],"collection":[{"href":"https:\/\/naszemundurki.pl\/index.php?rest_route=\/wp\/v2\/product"}],"about":[{"href":"https:\/\/naszemundurki.pl\/index.php?rest_route=\/wp\/v2\/types\/product"}],"wp:featuredmedia":[{"embeddable":true,"href":"https:\/\/naszemundurki.pl\/index.php?rest_route=\/wp\/v2\/media\/220"}],"wp:attachment":[{"href":"https:\/\/naszemundurki.pl\/index.php?rest_route=%2Fwp%2Fv2%2Fmedia&parent=230"}],"wp:term":[{"taxonomy":"product_brand","embeddable":true,"href":"https:\/\/naszemundurki.pl\/index.php?rest_route=%2Fwp%2Fv2%2Fproduct_brand&post=230"},{"taxonomy":"product_cat","embeddable":true,"href":"https:\/\/naszemundurki.pl\/index.php?rest_route=%2Fwp%2Fv2%2Fproduct_cat&post=230"},{"taxonomy":"product_tag","embeddable":true,"href":"https:\/\/naszemundurki.pl\/index.php?rest_route=%2Fwp%2Fv2%2Fproduct_tag&post=230"}],"curies":[{"name":"wp","href":"https:\/\/api.w.org\/{rel}","templated":true}]}}