{"id":309,"date":"2020-05-25T11:55:17","date_gmt":"2020-05-25T09:55:17","guid":{"rendered":"http:\/\/serwer2094013.home.pl\/autoinstalator\/wordpresswoocommerce\/?product=import-placeholder-for-127"},"modified":"2022-05-24T21:09:48","modified_gmt":"2022-05-24T19:09:48","slug":"szare-spodnie-chlopiece-z-kantkami","status":"publish","type":"product","link":"https:\/\/naszemundurki.pl\/?product=szare-spodnie-chlopiece-z-kantkami","title":{"rendered":"Szare spodnie ch\u0142opi\u0119ce d\u0142ugie"},"content":{"rendered":"<p>Szare spodnie ch\u0142opi\u0119ce g\u0142ugie<\/p>\n","protected":false},"excerpt":{"rendered":"<p>Szare spodnie ch\u0142opi\u0119ce z d\u0142ugie<\/p>\n","protected":false},"featured_media":221,"template":"","meta":[],"product_brand":[],"product_cat":[32],"product_tag":[],"class_list":{"0":"post-309","1":"product","2":"type-product","3":"status-publish","4":"has-post-thumbnail","6":"product_cat-chlopiec","8":"first","9":"instock","10":"shipping-taxable","11":"purchasable","12":"product-type-variable"},"_links":{"self":[{"href":"https:\/\/naszemundurki.pl\/index.php?rest_route=\/wp\/v2\/product\/309","targetHints":{"allow":["GET"]}}],"collection":[{"href":"https:\/\/naszemundurki.pl\/index.php?rest_route=\/wp\/v2\/product"}],"about":[{"href":"https:\/\/naszemundurki.pl\/index.php?rest_route=\/wp\/v2\/types\/product"}],"wp:featuredmedia":[{"embeddable":true,"href":"https:\/\/naszemundurki.pl\/index.php?rest_route=\/wp\/v2\/media\/221"}],"wp:attachment":[{"href":"https:\/\/naszemundurki.pl\/index.php?rest_route=%2Fwp%2Fv2%2Fmedia&parent=309"}],"wp:term":[{"taxonomy":"product_brand","embeddable":true,"href":"https:\/\/naszemundurki.pl\/index.php?rest_route=%2Fwp%2Fv2%2Fproduct_brand&post=309"},{"taxonomy":"product_cat","embeddable":true,"href":"https:\/\/naszemundurki.pl\/index.php?rest_route=%2Fwp%2Fv2%2Fproduct_cat&post=309"},{"taxonomy":"product_tag","embeddable":true,"href":"https:\/\/naszemundurki.pl\/index.php?rest_route=%2Fwp%2Fv2%2Fproduct_tag&post=309"}],"curies":[{"name":"wp","href":"https:\/\/api.w.org\/{rel}","templated":true}]}}