{"id":582,"date":"2021-06-08T22:52:29","date_gmt":"2021-06-08T20:52:29","guid":{"rendered":"http:\/\/naszemundurki.pl\/?post_type=product&#038;p=582"},"modified":"2024-06-25T09:30:38","modified_gmt":"2024-06-25T07:30:38","slug":"koszulka-polo-biala-krotki-rekaw","status":"publish","type":"product","link":"https:\/\/naszemundurki.pl\/?product=koszulka-polo-biala-krotki-rekaw","title":{"rendered":"Koszulka polo bia\u0142a z logiem szko\u0142y &#8211; kr\u00f3tki r\u0119kaw"},"content":{"rendered":"<p>Koszulka polo z logo bia\u0142a &#8211; kr\u00f3tki r\u0119kaw<\/p>\n","protected":false},"excerpt":{"rendered":"<p>Koszulka polo z logo bia\u0142a &#8211; kr\u00f3tki r\u0119kaw<\/p>\n","protected":false},"featured_media":601,"template":"","meta":[],"product_brand":[],"product_cat":[50,51],"product_tag":[],"class_list":{"0":"post-582","1":"product","2":"type-product","3":"status-publish","4":"has-post-thumbnail","6":"product_cat-chlopiec-klasy-7-8","7":"product_cat-dziewczyna-klasy-7-8","9":"first","10":"instock","11":"shipping-taxable","12":"purchasable","13":"product-type-variable"},"_links":{"self":[{"href":"https:\/\/naszemundurki.pl\/index.php?rest_route=\/wp\/v2\/product\/582","targetHints":{"allow":["GET"]}}],"collection":[{"href":"https:\/\/naszemundurki.pl\/index.php?rest_route=\/wp\/v2\/product"}],"about":[{"href":"https:\/\/naszemundurki.pl\/index.php?rest_route=\/wp\/v2\/types\/product"}],"wp:featuredmedia":[{"embeddable":true,"href":"https:\/\/naszemundurki.pl\/index.php?rest_route=\/wp\/v2\/media\/601"}],"wp:attachment":[{"href":"https:\/\/naszemundurki.pl\/index.php?rest_route=%2Fwp%2Fv2%2Fmedia&parent=582"}],"wp:term":[{"taxonomy":"product_brand","embeddable":true,"href":"https:\/\/naszemundurki.pl\/index.php?rest_route=%2Fwp%2Fv2%2Fproduct_brand&post=582"},{"taxonomy":"product_cat","embeddable":true,"href":"https:\/\/naszemundurki.pl\/index.php?rest_route=%2Fwp%2Fv2%2Fproduct_cat&post=582"},{"taxonomy":"product_tag","embeddable":true,"href":"https:\/\/naszemundurki.pl\/index.php?rest_route=%2Fwp%2Fv2%2Fproduct_tag&post=582"}],"curies":[{"name":"wp","href":"https:\/\/api.w.org\/{rel}","templated":true}]}}