{"id":713,"date":"2022-05-18T21:41:18","date_gmt":"2022-05-18T19:41:18","guid":{"rendered":"http:\/\/naszemundurki.pl\/?post_type=product&#038;p=713"},"modified":"2022-05-19T12:31:36","modified_gmt":"2022-05-19T10:31:36","slug":"szare-spodnie-krotkie","status":"publish","type":"product","link":"https:\/\/naszemundurki.pl\/?product=szare-spodnie-krotkie","title":{"rendered":"Szare spodnie kr\u00f3tkie"},"content":{"rendered":"<p>Spodnie kr\u00f3tkie ch\u0142opi\u0119ce garniturowe<\/p>\n","protected":false},"excerpt":{"rendered":"<p>Spodnie kr\u00f3tkie ch\u0142opi\u0119ce garniturowe<\/p>\n","protected":false},"featured_media":714,"template":"","meta":[],"product_brand":[],"product_cat":[32],"product_tag":[],"class_list":{"0":"post-713","1":"product","2":"type-product","3":"status-publish","4":"has-post-thumbnail","6":"product_cat-chlopiec","8":"first","9":"instock","10":"shipping-taxable","11":"purchasable","12":"product-type-variable"},"_links":{"self":[{"href":"https:\/\/naszemundurki.pl\/index.php?rest_route=\/wp\/v2\/product\/713","targetHints":{"allow":["GET"]}}],"collection":[{"href":"https:\/\/naszemundurki.pl\/index.php?rest_route=\/wp\/v2\/product"}],"about":[{"href":"https:\/\/naszemundurki.pl\/index.php?rest_route=\/wp\/v2\/types\/product"}],"wp:featuredmedia":[{"embeddable":true,"href":"https:\/\/naszemundurki.pl\/index.php?rest_route=\/wp\/v2\/media\/714"}],"wp:attachment":[{"href":"https:\/\/naszemundurki.pl\/index.php?rest_route=%2Fwp%2Fv2%2Fmedia&parent=713"}],"wp:term":[{"taxonomy":"product_brand","embeddable":true,"href":"https:\/\/naszemundurki.pl\/index.php?rest_route=%2Fwp%2Fv2%2Fproduct_brand&post=713"},{"taxonomy":"product_cat","embeddable":true,"href":"https:\/\/naszemundurki.pl\/index.php?rest_route=%2Fwp%2Fv2%2Fproduct_cat&post=713"},{"taxonomy":"product_tag","embeddable":true,"href":"https:\/\/naszemundurki.pl\/index.php?rest_route=%2Fwp%2Fv2%2Fproduct_tag&post=713"}],"curies":[{"name":"wp","href":"https:\/\/api.w.org\/{rel}","templated":true}]}}