{"id":775,"date":"2022-05-20T10:39:28","date_gmt":"2022-05-20T08:39:28","guid":{"rendered":"http:\/\/naszemundurki.pl\/?post_type=product&#038;p=775"},"modified":"2025-03-31T14:55:03","modified_gmt":"2025-03-31T12:55:03","slug":"polo-czerwone-dlugi-rekaw-haft","status":"publish","type":"product","link":"https:\/\/naszemundurki.pl\/?product=polo-czerwone-dlugi-rekaw-haft","title":{"rendered":"Polo czerwone d\u0142ugi r\u0119kaw (haft)"},"content":{"rendered":"<p>Polo czerwone d\u0142ugi r\u0119kaw (haft)<\/p>\n","protected":false},"excerpt":{"rendered":"<p>Polo czerwone d\u0142ugi r\u0119kaw (haft)<\/p>\n","protected":false},"featured_media":768,"template":"","meta":[],"product_brand":[],"product_cat":[70],"product_tag":[],"class_list":{"0":"post-775","1":"product","2":"type-product","3":"status-publish","4":"has-post-thumbnail","6":"product_cat-przedszkole","8":"first","9":"instock","10":"shipping-taxable","11":"purchasable","12":"product-type-variable"},"_links":{"self":[{"href":"https:\/\/naszemundurki.pl\/index.php?rest_route=\/wp\/v2\/product\/775","targetHints":{"allow":["GET"]}}],"collection":[{"href":"https:\/\/naszemundurki.pl\/index.php?rest_route=\/wp\/v2\/product"}],"about":[{"href":"https:\/\/naszemundurki.pl\/index.php?rest_route=\/wp\/v2\/types\/product"}],"wp:featuredmedia":[{"embeddable":true,"href":"https:\/\/naszemundurki.pl\/index.php?rest_route=\/wp\/v2\/media\/768"}],"wp:attachment":[{"href":"https:\/\/naszemundurki.pl\/index.php?rest_route=%2Fwp%2Fv2%2Fmedia&parent=775"}],"wp:term":[{"taxonomy":"product_brand","embeddable":true,"href":"https:\/\/naszemundurki.pl\/index.php?rest_route=%2Fwp%2Fv2%2Fproduct_brand&post=775"},{"taxonomy":"product_cat","embeddable":true,"href":"https:\/\/naszemundurki.pl\/index.php?rest_route=%2Fwp%2Fv2%2Fproduct_cat&post=775"},{"taxonomy":"product_tag","embeddable":true,"href":"https:\/\/naszemundurki.pl\/index.php?rest_route=%2Fwp%2Fv2%2Fproduct_tag&post=775"}],"curies":[{"name":"wp","href":"https:\/\/api.w.org\/{rel}","templated":true}]}}