{"id":900,"date":"2022-05-20T20:44:14","date_gmt":"2022-05-20T18:44:14","guid":{"rendered":"http:\/\/naszemundurki.pl\/?post_type=product&#038;p=900"},"modified":"2024-06-25T09:30:26","modified_gmt":"2024-06-25T07:30:26","slug":"koszulka-polo-biala-dlugi-rekaw","status":"publish","type":"product","link":"https:\/\/naszemundurki.pl\/?product=koszulka-polo-biala-dlugi-rekaw","title":{"rendered":"Koszulka polo bia\u0142a z logiem szko\u0142y &#8211; d\u0142ugi r\u0119kaw"},"content":{"rendered":"<p>Polo bia\u0142e d\u0142ugi r\u0119kaw z haftem<\/p>\n","protected":false},"excerpt":{"rendered":"<p>Koszulka polo z logo bia\u0142a &#8211; d\u0142ugi r\u0119kaw<\/p>\n","protected":false},"featured_media":941,"template":"","meta":[],"product_brand":[],"product_cat":[50,51],"product_tag":[],"class_list":{"0":"post-900","1":"product","2":"type-product","3":"status-publish","4":"has-post-thumbnail","6":"product_cat-chlopiec-klasy-7-8","7":"product_cat-dziewczyna-klasy-7-8","9":"first","10":"instock","11":"shipping-taxable","12":"purchasable","13":"product-type-variable"},"_links":{"self":[{"href":"https:\/\/naszemundurki.pl\/index.php?rest_route=\/wp\/v2\/product\/900","targetHints":{"allow":["GET"]}}],"collection":[{"href":"https:\/\/naszemundurki.pl\/index.php?rest_route=\/wp\/v2\/product"}],"about":[{"href":"https:\/\/naszemundurki.pl\/index.php?rest_route=\/wp\/v2\/types\/product"}],"wp:featuredmedia":[{"embeddable":true,"href":"https:\/\/naszemundurki.pl\/index.php?rest_route=\/wp\/v2\/media\/941"}],"wp:attachment":[{"href":"https:\/\/naszemundurki.pl\/index.php?rest_route=%2Fwp%2Fv2%2Fmedia&parent=900"}],"wp:term":[{"taxonomy":"product_brand","embeddable":true,"href":"https:\/\/naszemundurki.pl\/index.php?rest_route=%2Fwp%2Fv2%2Fproduct_brand&post=900"},{"taxonomy":"product_cat","embeddable":true,"href":"https:\/\/naszemundurki.pl\/index.php?rest_route=%2Fwp%2Fv2%2Fproduct_cat&post=900"},{"taxonomy":"product_tag","embeddable":true,"href":"https:\/\/naszemundurki.pl\/index.php?rest_route=%2Fwp%2Fv2%2Fproduct_tag&post=900"}],"curies":[{"name":"wp","href":"https:\/\/api.w.org\/{rel}","templated":true}]}}